{"id":224,"date":"2025-11-18T18:59:49","date_gmt":"2025-11-18T21:59:49","guid":{"rendered":"https:\/\/staging1.xn--vsaserviosdigitais-fvb.com\/?page_id=224"},"modified":"2025-11-18T19:00:48","modified_gmt":"2025-11-18T22:00:48","slug":"privacidade","status":"publish","type":"page","link":"https:\/\/staging0.xn--vsaserviosdigitais-fvb.com\/?page_id=224","title":{"rendered":"privacidade"},"content":{"rendered":"\t\t<div data-elementor-type=\"wp-page\" data-elementor-id=\"224\" class=\"elementor elementor-224\" data-elementor-post-type=\"page\">\n\t\t\t\t<div class=\"elementor-element elementor-element-591e6cdf e-flex e-con-boxed e-con e-parent\" data-id=\"591e6cdf\" data-element_type=\"container\" data-e-type=\"container\" data-settings=\"{&quot;background_background&quot;:&quot;classic&quot;}\">\n\t\t\t\t\t<div class=\"e-con-inner\">\n\t\t<div class=\"elementor-element elementor-element-b3ccb03 e-flex e-con-boxed e-con e-child\" data-id=\"b3ccb03\" data-element_type=\"container\" data-e-type=\"container\">\n\t\t\t\t\t<div class=\"e-con-inner\">\n\t\t\t\t<div class=\"elementor-element elementor-element-416ad16f elementor-widget elementor-widget-heading\" data-id=\"416ad16f\" data-element_type=\"widget\" data-e-type=\"widget\" data-widget_type=\"heading.default\">\n\t\t\t\t\t<h1 class=\"elementor-heading-title elementor-size-default\">Politica de privacidade.<\/h1>\t\t\t\t<\/div>\n\t\t\t\t\t<\/div>\n\t\t\t\t<\/div>\n\t\t\t\t\t<\/div>\n\t\t\t\t<\/div>\n\t\t<div class=\"elementor-element elementor-element-564e7e2 e-flex e-con-boxed e-con e-parent\" data-id=\"564e7e2\" data-element_type=\"container\" data-e-type=\"container\">\n\t\t\t\t\t<div class=\"e-con-inner\">\n\t\t\t\t<div class=\"elementor-element elementor-element-1dce95c elementor-widget elementor-widget-text-editor\" data-id=\"1dce95c\" data-element_type=\"widget\" data-e-type=\"widget\" data-widget_type=\"text-editor.default\">\n\t\t\t\t\t\t\t\t\t<h1 data-start=\"209\" data-end=\"257\"><strong data-start=\"211\" data-end=\"257\">Pol\u00edtica de Privacidade \u2013 Barbearia Sallon<\/strong><\/h1><p data-start=\"259\" data-end=\"608\">A Barbearia Sallon preza pela transpar\u00eancia, seguran\u00e7a e respeito aos dados de seus clientes. Esta Pol\u00edtica de Privacidade explica como coletamos, utilizamos, armazenamos e protegemos suas informa\u00e7\u00f5es, garantindo que todos os processos estejam alinhados \u00e0s melhores pr\u00e1ticas e \u00e0 legisla\u00e7\u00e3o vigente, incluindo a Lei Geral de Prote\u00e7\u00e3o de Dados (LGPD).<\/p><hr data-start=\"610\" data-end=\"613\"><h2 data-start=\"615\" data-end=\"646\"><strong data-start=\"618\" data-end=\"646\">1. Informa\u00e7\u00f5es Coletadas<\/strong><\/h2><h3 data-start=\"648\" data-end=\"690\"><strong data-start=\"652\" data-end=\"690\">1.1. Dados fornecidos pelo cliente<\/strong><\/h3><p data-start=\"691\" data-end=\"804\">Coletamos informa\u00e7\u00f5es que voc\u00ea fornece diretamente ao entrar em contato ou utilizar nossos servi\u00e7os. Isso inclui:<\/p><ul data-start=\"805\" data-end=\"976\">\n<li data-start=\"805\" data-end=\"822\">\n<p data-start=\"807\" data-end=\"822\">Nome completo<\/p>\n<\/li>\n<li data-start=\"823\" data-end=\"835\">\n<p data-start=\"825\" data-end=\"835\">Telefone<\/p>\n<\/li>\n<li data-start=\"836\" data-end=\"846\">\n<p data-start=\"838\" data-end=\"846\">E-mail<\/p>\n<\/li>\n<li data-start=\"847\" data-end=\"880\">\n<p data-start=\"849\" data-end=\"880\">Informa\u00e7\u00f5es para agendamentos<\/p>\n<\/li>\n<li data-start=\"881\" data-end=\"912\">\n<p data-start=\"883\" data-end=\"912\">Prefer\u00eancias de atendimento<\/p>\n<\/li>\n<li data-start=\"913\" data-end=\"976\">\n<p data-start=\"915\" data-end=\"976\">Dados enviados voluntariamente por mensagens ou formul\u00e1rios<\/p>\n<\/li>\n<\/ul><h3 data-start=\"978\" data-end=\"1022\"><strong data-start=\"982\" data-end=\"1022\">1.2. Dados coletados automaticamente<\/strong><\/h3><p data-start=\"1023\" data-end=\"1145\">Quando voc\u00ea acessa nosso site, sistemas de agendamento ou redes sociais, alguns dados podem ser coletados automaticamente:<\/p><ul data-start=\"1146\" data-end=\"1318\">\n<li data-start=\"1146\" data-end=\"1161\">\n<p data-start=\"1148\" data-end=\"1161\">Endere\u00e7o IP<\/p>\n<\/li>\n<li data-start=\"1162\" data-end=\"1185\">\n<p data-start=\"1164\" data-end=\"1185\">Tipo de dispositivo<\/p>\n<\/li>\n<li data-start=\"1186\" data-end=\"1209\">\n<p data-start=\"1188\" data-end=\"1209\">Sistema operacional<\/p>\n<\/li>\n<li data-start=\"1210\" data-end=\"1233\">\n<p data-start=\"1212\" data-end=\"1233\">Navegador utilizado<\/p>\n<\/li>\n<li data-start=\"1234\" data-end=\"1278\">\n<p data-start=\"1236\" data-end=\"1278\">P\u00e1ginas acessadas e tempo de perman\u00eancia<\/p>\n<\/li>\n<li data-start=\"1279\" data-end=\"1318\">\n<p data-start=\"1281\" data-end=\"1318\">Cookies e identificadores de sess\u00e3o<\/p>\n<\/li>\n<\/ul><h3 data-start=\"1320\" data-end=\"1364\"><strong data-start=\"1324\" data-end=\"1364\">1.3. Dados provenientes de terceiros<\/strong><\/h3><p data-start=\"1365\" data-end=\"1532\">Podemos receber informa\u00e7\u00f5es de plataformas externas, como sistemas de agendamento, redes sociais e servi\u00e7os de publicidade, quando voc\u00ea autoriza esse compartilhamento.<\/p><hr data-start=\"1534\" data-end=\"1537\"><h2 data-start=\"1539\" data-end=\"1576\"><strong data-start=\"1542\" data-end=\"1576\">2. Finalidade do Uso dos Dados<\/strong><\/h2><p data-start=\"1578\" data-end=\"1691\">Utilizamos seus dados exclusivamente para finalidades leg\u00edtimas relacionadas ao funcionamento da barbearia, como:<\/p><h3 data-start=\"1693\" data-end=\"1729\"><strong data-start=\"1697\" data-end=\"1729\">2.1. Agendamento de servi\u00e7os<\/strong><\/h3><p data-start=\"1730\" data-end=\"1802\">Processar e confirmar hor\u00e1rios, enviar lembretes e ajustar atendimentos.<\/p><h3 data-start=\"1804\" data-end=\"1842\"><strong data-start=\"1808\" data-end=\"1842\">2.2. Comunica\u00e7\u00e3o com o cliente<\/strong><\/h3><p data-start=\"1843\" data-end=\"1877\">Enviar mensagens relevantes, como:<\/p><ul data-start=\"1878\" data-end=\"1997\">\n<li data-start=\"1878\" data-end=\"1909\">\n<p data-start=\"1880\" data-end=\"1909\">Confirma\u00e7\u00f5es de agendamento<\/p>\n<\/li>\n<li data-start=\"1910\" data-end=\"1932\">\n<p data-start=\"1912\" data-end=\"1932\">Avisos importantes<\/p>\n<\/li>\n<li data-start=\"1933\" data-end=\"1963\">\n<p data-start=\"1935\" data-end=\"1963\">Informa\u00e7\u00f5es sobre servi\u00e7os<\/p>\n<\/li>\n<li data-start=\"1964\" data-end=\"1997\">\n<p data-start=\"1966\" data-end=\"1997\">Suporte ou resposta a d\u00favidas<\/p>\n<\/li>\n<\/ul><h3 data-start=\"1999\" data-end=\"2030\"><strong data-start=\"2003\" data-end=\"2030\">2.3. Melhorias internas<\/strong><\/h3><p data-start=\"2031\" data-end=\"2081\">Utilizamos dados de navega\u00e7\u00e3o e prefer\u00eancias para:<\/p><ul data-start=\"2082\" data-end=\"2183\">\n<li data-start=\"2082\" data-end=\"2108\">\n<p data-start=\"2084\" data-end=\"2108\">Melhorar o atendimento<\/p>\n<\/li>\n<li data-start=\"2109\" data-end=\"2142\">\n<p data-start=\"2111\" data-end=\"2142\">Aprimorar servi\u00e7os oferecidos<\/p>\n<\/li>\n<li data-start=\"2143\" data-end=\"2183\">\n<p data-start=\"2145\" data-end=\"2183\">Otimizar o site e processos internos<\/p>\n<\/li>\n<\/ul><h3 data-start=\"2185\" data-end=\"2219\"><strong data-start=\"2189\" data-end=\"2219\">2.4. Marketing e promo\u00e7\u00f5es<\/strong><\/h3><p data-start=\"2220\" data-end=\"2336\">Podemos enviar ofertas, novidades e campanhas da barbearia, sempre com op\u00e7\u00e3o de descadastramento a qualquer momento.<\/p><hr data-start=\"2338\" data-end=\"2341\"><h2 data-start=\"2343\" data-end=\"2384\"><strong data-start=\"2346\" data-end=\"2384\">3. Compartilhamento de Informa\u00e7\u00f5es<\/strong><\/h2><p data-start=\"2386\" data-end=\"2509\">A Barbearia Sallon <strong data-start=\"2405\" data-end=\"2462\">n\u00e3o vende, n\u00e3o aluga e n\u00e3o compartilha dados pessoais<\/strong> com terceiros, exceto nas seguintes situa\u00e7\u00f5es:<\/p><h3 data-start=\"2511\" data-end=\"2558\"><strong data-start=\"2515\" data-end=\"2558\">3.1. Parceiros e prestadores de servi\u00e7o<\/strong><\/h3><p data-start=\"2559\" data-end=\"2584\">Empresas que auxiliam em:<\/p><ul data-start=\"2585\" data-end=\"2763\">\n<li data-start=\"2585\" data-end=\"2608\">\n<p data-start=\"2587\" data-end=\"2608\">Agendamentos online<\/p>\n<\/li>\n<li data-start=\"2609\" data-end=\"2631\">\n<p data-start=\"2611\" data-end=\"2631\">Meios de pagamento<\/p>\n<\/li>\n<li data-start=\"2632\" data-end=\"2654\">\n<p data-start=\"2634\" data-end=\"2654\">Hospedagem de site<\/p>\n<\/li>\n<li data-start=\"2655\" data-end=\"2763\">\n<p data-start=\"2657\" data-end=\"2763\">Automa\u00e7\u00e3o de mensagens<br data-start=\"2679\" data-end=\"2682\">\nEsses parceiros t\u00eam acesso apenas ao necess\u00e1rio e devem manter confidencialidade.<\/p>\n<\/li>\n<\/ul><h3 data-start=\"2765\" data-end=\"2795\"><strong data-start=\"2769\" data-end=\"2795\">3.2. Obriga\u00e7\u00f5es legais<\/strong><\/h3><p data-start=\"2796\" data-end=\"2844\">Podemos compartilhar informa\u00e7\u00f5es se exigido por:<\/p><ul data-start=\"2845\" data-end=\"2920\">\n<li data-start=\"2845\" data-end=\"2870\">\n<p data-start=\"2847\" data-end=\"2870\">Autoridades judiciais<\/p>\n<\/li>\n<li data-start=\"2871\" data-end=\"2893\">\n<p data-start=\"2873\" data-end=\"2893\">Requisi\u00e7\u00f5es legais<\/p>\n<\/li>\n<li data-start=\"2894\" data-end=\"2920\">\n<p data-start=\"2896\" data-end=\"2920\">Investiga\u00e7\u00f5es oficiais<\/p>\n<\/li>\n<\/ul><h3 data-start=\"2922\" data-end=\"2971\"><strong data-start=\"2926\" data-end=\"2971\">3.3. Prote\u00e7\u00e3o da barbearia e dos clientes<\/strong><\/h3><p data-start=\"2972\" data-end=\"3049\">Em casos que envolvam seguran\u00e7a, preven\u00e7\u00e3o a fraudes ou prote\u00e7\u00e3o de direitos.<\/p><hr data-start=\"3051\" data-end=\"3054\"><h2 data-start=\"3056\" data-end=\"3099\"><strong data-start=\"3059\" data-end=\"3099\">4. Armazenamento e Prote\u00e7\u00e3o de Dados<\/strong><\/h2><h3 data-start=\"3101\" data-end=\"3137\"><strong data-start=\"3105\" data-end=\"3137\">4.1. Seguran\u00e7a da informa\u00e7\u00e3o<\/strong><\/h3><p data-start=\"3138\" data-end=\"3224\">Adotamos medidas t\u00e9cnicas e administrativas para proteger suas informa\u00e7\u00f5es, incluindo:<\/p><ul data-start=\"3225\" data-end=\"3331\">\n<li data-start=\"3225\" data-end=\"3247\">\n<p data-start=\"3227\" data-end=\"3247\">Servidores seguros<\/p>\n<\/li>\n<li data-start=\"3248\" data-end=\"3264\">\n<p data-start=\"3250\" data-end=\"3264\">Criptografia<\/p>\n<\/li>\n<li data-start=\"3265\" data-end=\"3287\">\n<p data-start=\"3267\" data-end=\"3287\">Controle de acesso<\/p>\n<\/li>\n<li data-start=\"3288\" data-end=\"3331\">\n<p data-start=\"3290\" data-end=\"3331\">Monitoramento e atualiza\u00e7\u00f5es constantes<\/p>\n<\/li>\n<\/ul><h3 data-start=\"3333\" data-end=\"3368\"><strong data-start=\"3337\" data-end=\"3368\">4.2. Tempo de armazenamento<\/strong><\/h3><p data-start=\"3369\" data-end=\"3420\">Os dados s\u00e3o mantidos pelo per\u00edodo necess\u00e1rio para:<\/p><ul data-start=\"3421\" data-end=\"3588\">\n<li data-start=\"3421\" data-end=\"3450\">\n<p data-start=\"3423\" data-end=\"3450\">Cumprir obriga\u00e7\u00f5es legais<\/p>\n<\/li>\n<li data-start=\"3451\" data-end=\"3477\">\n<p data-start=\"3453\" data-end=\"3477\">Finalizar atendimentos<\/p>\n<\/li>\n<li data-start=\"3478\" data-end=\"3588\">\n<p data-start=\"3480\" data-end=\"3588\">Manter hist\u00f3rico de relacionamento<br data-start=\"3514\" data-end=\"3517\">\nAo t\u00e9rmino desse per\u00edodo, os dados podem ser exclu\u00eddos ou anonimizados.<\/p>\n<\/li>\n<\/ul><hr data-start=\"3590\" data-end=\"3593\"><h2 data-start=\"3595\" data-end=\"3640\"><strong data-start=\"3598\" data-end=\"3640\">5. Direitos do Titular de Dados (Voc\u00ea)<\/strong><\/h2><p data-start=\"3642\" data-end=\"3739\">De acordo com a LGPD, voc\u00ea tem diversos direitos relacionados \u00e0s suas informa\u00e7\u00f5es pessoais, como:<\/p><ul data-start=\"3741\" data-end=\"4061\">\n<li data-start=\"3741\" data-end=\"3777\">\n<p data-start=\"3743\" data-end=\"3777\">Confirmar se tratamos seus dados<\/p>\n<\/li>\n<li data-start=\"3778\" data-end=\"3823\">\n<p data-start=\"3780\" data-end=\"3823\">Solicitar acesso \u00e0s informa\u00e7\u00f5es coletadas<\/p>\n<\/li>\n<li data-start=\"3824\" data-end=\"3872\">\n<p data-start=\"3826\" data-end=\"3872\">Corrigir dados incompletos ou desatualizados<\/p>\n<\/li>\n<li data-start=\"3873\" data-end=\"3915\">\n<p data-start=\"3875\" data-end=\"3915\">Solicitar a exclus\u00e3o de dados pessoais<\/p>\n<\/li>\n<li data-start=\"3916\" data-end=\"3941\">\n<p data-start=\"3918\" data-end=\"3941\">Retirar consentimento<\/p>\n<\/li>\n<li data-start=\"3942\" data-end=\"3969\">\n<p data-start=\"3944\" data-end=\"3969\">Solicitar portabilidade<\/p>\n<\/li>\n<li data-start=\"3970\" data-end=\"4012\">\n<p data-start=\"3972\" data-end=\"4012\">Opor-se ao uso de dados para marketing<\/p>\n<\/li>\n<li data-start=\"4013\" data-end=\"4061\">\n<p data-start=\"4015\" data-end=\"4061\">Solicitar informa\u00e7\u00f5es sobre compartilhamento<\/p>\n<\/li>\n<\/ul><p data-start=\"4063\" data-end=\"4144\">Todos os pedidos podem ser feitos diretamente pelos nossos canais de atendimento.<\/p><hr data-start=\"4146\" data-end=\"4149\"><h2 data-start=\"4151\" data-end=\"4175\"><strong data-start=\"4154\" data-end=\"4175\">6. Uso de Cookies<\/strong><\/h2><h3 data-start=\"4177\" data-end=\"4208\"><strong data-start=\"4181\" data-end=\"4208\">6.1. O que s\u00e3o cookies?<\/strong><\/h3><p data-start=\"4209\" data-end=\"4292\">S\u00e3o pequenos arquivos armazenados no seu dispositivo quando voc\u00ea acessa nosso site.<\/p><h3 data-start=\"4294\" data-end=\"4334\"><strong data-start=\"4298\" data-end=\"4334\">6.2. Tipos de cookies utilizados<\/strong><\/h3><ul data-start=\"4335\" data-end=\"4535\">\n<li data-start=\"4335\" data-end=\"4404\">\n<p data-start=\"4337\" data-end=\"4404\"><strong data-start=\"4337\" data-end=\"4359\">Cookies essenciais<\/strong>: necess\u00e1rios para o funcionamento do site.<\/p>\n<\/li>\n<li data-start=\"4405\" data-end=\"4474\">\n<p data-start=\"4407\" data-end=\"4474\"><strong data-start=\"4407\" data-end=\"4432\">Cookies de desempenho<\/strong>: ajudam a entender como o site \u00e9 usado.<\/p>\n<\/li>\n<li data-start=\"4475\" data-end=\"4535\">\n<p data-start=\"4477\" data-end=\"4535\"><strong data-start=\"4477\" data-end=\"4501\">Cookies de marketing<\/strong>: melhoram an\u00fancios e campanhas.<\/p>\n<\/li>\n<\/ul><h3 data-start=\"4537\" data-end=\"4569\"><strong data-start=\"4541\" data-end=\"4569\">6.3. Controle de cookies<\/strong><\/h3><p data-start=\"4570\" data-end=\"4697\">Voc\u00ea pode desativar cookies nas configura\u00e7\u00f5es do navegador, mas algumas fun\u00e7\u00f5es do site podem deixar de funcionar corretamente.<\/p><hr data-start=\"4699\" data-end=\"4702\"><h2 data-start=\"4704\" data-end=\"4728\"><strong data-start=\"4707\" data-end=\"4728\">7. Links Externos<\/strong><\/h2><p data-start=\"4730\" data-end=\"4944\">Nosso site ou redes podem conter links para servi\u00e7os de terceiros. A Barbearia Sallon n\u00e3o se responsabiliza pelas pol\u00edticas de privacidade desses sites. Recomendamos verificar os termos de cada plataforma visitada.<\/p><hr data-start=\"4946\" data-end=\"4949\"><h2 data-start=\"4951\" data-end=\"4998\"><strong data-start=\"4954\" data-end=\"4998\">8. Altera\u00e7\u00f5es na Pol\u00edtica de Privacidade<\/strong><\/h2><p data-start=\"5000\" data-end=\"5183\">Podemos atualizar esta pol\u00edtica periodicamente. Quaisquer altera\u00e7\u00f5es ser\u00e3o publicadas nesta p\u00e1gina, com data revisada. Recomendamos revisitar regularmente para estar sempre informado.<\/p><p>\n\n\n\n\n\n\n\n\n\n\n\n\n\n\n\n\n\n\n\n\n\n\n\n\n\n\n\n\n\n\n\n\n\n\n\n\n\n\n\n\n\n\n\n\n\n\n\n\n\n\n\n\n\n\n\n\n\n\n\n\n\n\n\n<\/p><h2 data-start=\"5190\" data-end=\"5236\"><\/h2><hr data-start=\"5185\" data-end=\"5188\">\t\t\t\t\t\t\t\t<\/div>\n\t\t\t\t\t<\/div>\n\t\t\t\t<\/div>\n\t\t\t\t<\/div>\n\t\t","protected":false},"excerpt":{"rendered":"<p>Politica de privacidade. Pol\u00edtica de Privacidade \u2013 Barbearia Sallon A Barbearia Sallon preza pela transpar\u00eancia, seguran\u00e7a e respeito aos dados de seus clientes. Esta Pol\u00edtica de Privacidade explica como coletamos, utilizamos, armazenamos e protegemos suas informa\u00e7\u00f5es, garantindo que todos os processos estejam alinhados \u00e0s melhores pr\u00e1ticas e \u00e0 legisla\u00e7\u00e3o vigente, incluindo a Lei Geral de [&hellip;]<\/p>\n","protected":false},"author":1,"featured_media":0,"parent":0,"menu_order":0,"comment_status":"closed","ping_status":"closed","template":"","meta":{"footnotes":""},"class_list":["post-224","page","type-page","status-publish","hentry"],"_links":{"self":[{"href":"https:\/\/staging0.xn--vsaserviosdigitais-fvb.com\/index.php?rest_route=\/wp\/v2\/pages\/224","targetHints":{"allow":["GET"]}}],"collection":[{"href":"https:\/\/staging0.xn--vsaserviosdigitais-fvb.com\/index.php?rest_route=\/wp\/v2\/pages"}],"about":[{"href":"https:\/\/staging0.xn--vsaserviosdigitais-fvb.com\/index.php?rest_route=\/wp\/v2\/types\/page"}],"author":[{"embeddable":true,"href":"https:\/\/staging0.xn--vsaserviosdigitais-fvb.com\/index.php?rest_route=\/wp\/v2\/users\/1"}],"replies":[{"embeddable":true,"href":"https:\/\/staging0.xn--vsaserviosdigitais-fvb.com\/index.php?rest_route=%2Fwp%2Fv2%2Fcomments&post=224"}],"version-history":[{"count":3,"href":"https:\/\/staging0.xn--vsaserviosdigitais-fvb.com\/index.php?rest_route=\/wp\/v2\/pages\/224\/revisions"}],"predecessor-version":[{"id":227,"href":"https:\/\/staging0.xn--vsaserviosdigitais-fvb.com\/index.php?rest_route=\/wp\/v2\/pages\/224\/revisions\/227"}],"wp:attachment":[{"href":"https:\/\/staging0.xn--vsaserviosdigitais-fvb.com\/index.php?rest_route=%2Fwp%2Fv2%2Fmedia&parent=224"}],"curies":[{"name":"wp","href":"https:\/\/api.w.org\/{rel}","templated":true}]}}